{"id":1870,"date":"2023-02-10T10:14:10","date_gmt":"2023-02-10T10:14:10","guid":{"rendered":"https:\/\/depslobozia.ro\/?page_id=1870"},"modified":"2025-03-18T15:26:04","modified_gmt":"2025-03-18T15:26:04","slug":"r-o-f","status":"publish","type":"page","link":"https:\/\/depslobozia.ro\/index.php\/r-o-f\/","title":{"rendered":"R.O.F."},"content":{"rendered":"\n<p class=\"has-medium-font-size\">Hot\u0103r\u00e2re privind aprobarea Regulamentului de organizare \u0219i func\u021bionare al Serviciului Public Local de Eviden\u021b\u0103 a Persoanelor Slobozia.<\/p>\n\n\n","protected":false},"excerpt":{"rendered":"<p>Hot\u0103r\u00e2re privind aprobarea Regulamentului de organizare \u0219i func\u021bionare al Serviciului Public Local de Eviden\u021b\u0103 a Persoanelor Slobozia.<\/p>\n","protected":false},"author":1,"featured_media":0,"parent":0,"menu_order":0,"comment_status":"closed","ping_status":"closed","template":"","meta":{"footnotes":""},"class_list":["post-1870","page","type-page","status-publish","hentry"],"yoast_head":"<!-- This site is optimized with the Yoast SEO plugin v27.5 - https:\/\/yoast.com\/product\/yoast-seo-wordpress\/ -->\r\n<title>R.O.F. - SERVICIUL PUBLIC COMUNITAR LOCAL DE EVIDEN\u0162A A PERSOANELOR SLOBOZIA<\/title>\r\n<meta name=\"robots\" content=\"index, follow, max-snippet:-1, max-image-preview:large, max-video-preview:-1\" \/>\r\n<link rel=\"canonical\" href=\"https:\/\/depslobozia.ro\/index.php\/r-o-f\/\" \/>\r\n<meta property=\"og:locale\" content=\"ro_RO\" \/>\r\n<meta property=\"og:type\" content=\"article\" \/>\r\n<meta property=\"og:title\" content=\"R.O.F. - SERVICIUL PUBLIC COMUNITAR LOCAL DE EVIDEN\u0162A A PERSOANELOR SLOBOZIA\" \/>\r\n<meta property=\"og:description\" content=\"Hot\u0103r\u00e2re privind aprobarea Regulamentului de organizare \u0219i func\u021bionare al Serviciului Public Local de Eviden\u021b\u0103 a Persoanelor Slobozia.\" \/>\r\n<meta property=\"og:url\" content=\"https:\/\/depslobozia.ro\/index.php\/r-o-f\/\" \/>\r\n<meta property=\"og:site_name\" content=\"SERVICIUL PUBLIC COMUNITAR LOCAL DE EVIDEN\u0162A A PERSOANELOR SLOBOZIA\" \/>\r\n<meta property=\"article:modified_time\" content=\"2025-03-18T15:26:04+00:00\" \/>\r\n<meta name=\"twitter:card\" content=\"summary_large_image\" \/>\r\n<meta name=\"twitter:label1\" content=\"Timp estimat pentru citire\" \/>\n\t<meta name=\"twitter:data1\" content=\"1 minut\" \/>\r\n<script type=\"application\/ld+json\" class=\"yoast-schema-graph\">{\"@context\":\"https:\\\/\\\/schema.org\",\"@graph\":[{\"@type\":\"WebPage\",\"@id\":\"https:\\\/\\\/depslobozia.ro\\\/index.php\\\/r-o-f\\\/\",\"url\":\"https:\\\/\\\/depslobozia.ro\\\/index.php\\\/r-o-f\\\/\",\"name\":\"R.O.F. - SERVICIUL PUBLIC COMUNITAR LOCAL DE EVIDEN\u0162A A PERSOANELOR SLOBOZIA\",\"isPartOf\":{\"@id\":\"https:\\\/\\\/depslobozia.ro\\\/#website\"},\"datePublished\":\"2023-02-10T10:14:10+00:00\",\"dateModified\":\"2025-03-18T15:26:04+00:00\",\"breadcrumb\":{\"@id\":\"https:\\\/\\\/depslobozia.ro\\\/index.php\\\/r-o-f\\\/#breadcrumb\"},\"inLanguage\":\"ro-RO\",\"potentialAction\":[{\"@type\":\"ReadAction\",\"target\":[\"https:\\\/\\\/depslobozia.ro\\\/index.php\\\/r-o-f\\\/\"]}]},{\"@type\":\"BreadcrumbList\",\"@id\":\"https:\\\/\\\/depslobozia.ro\\\/index.php\\\/r-o-f\\\/#breadcrumb\",\"itemListElement\":[{\"@type\":\"ListItem\",\"position\":1,\"name\":\"Prima pagin\u0103\",\"item\":\"https:\\\/\\\/depslobozia.ro\\\/\"},{\"@type\":\"ListItem\",\"position\":2,\"name\":\"R.O.F.\"}]},{\"@type\":\"WebSite\",\"@id\":\"https:\\\/\\\/depslobozia.ro\\\/#website\",\"url\":\"https:\\\/\\\/depslobozia.ro\\\/\",\"name\":\"DIREC\u0162IA DE EVIDEN\u0162A PERSOANELOR SLOBOZIA\",\"description\":\"Municipiul SLOBOZIA\",\"publisher\":{\"@id\":\"https:\\\/\\\/depslobozia.ro\\\/#organization\"},\"potentialAction\":[{\"@type\":\"SearchAction\",\"target\":{\"@type\":\"EntryPoint\",\"urlTemplate\":\"https:\\\/\\\/depslobozia.ro\\\/?s={search_term_string}\"},\"query-input\":{\"@type\":\"PropertyValueSpecification\",\"valueRequired\":true,\"valueName\":\"search_term_string\"}}],\"inLanguage\":\"ro-RO\"},{\"@type\":\"Organization\",\"@id\":\"https:\\\/\\\/depslobozia.ro\\\/#organization\",\"name\":\"Directia de Evidenta Persoanelor Slobozia\",\"url\":\"https:\\\/\\\/depslobozia.ro\\\/\",\"logo\":{\"@type\":\"ImageObject\",\"inLanguage\":\"ro-RO\",\"@id\":\"https:\\\/\\\/depslobozia.ro\\\/#\\\/schema\\\/logo\\\/image\\\/\",\"url\":\"https:\\\/\\\/depslobozia.ro\\\/wp-content\\\/uploads\\\/2021\\\/10\\\/StemSlobozia.png\",\"contentUrl\":\"https:\\\/\\\/depslobozia.ro\\\/wp-content\\\/uploads\\\/2021\\\/10\\\/StemSlobozia.png\",\"width\":68,\"height\":90,\"caption\":\"Directia de Evidenta Persoanelor Slobozia\"},\"image\":{\"@id\":\"https:\\\/\\\/depslobozia.ro\\\/#\\\/schema\\\/logo\\\/image\\\/\"}}]}<\/script>\r\n<!-- \/ Yoast SEO plugin. -->","yoast_head_json":{"title":"R.O.F. - SERVICIUL PUBLIC COMUNITAR LOCAL DE EVIDEN\u0162A A PERSOANELOR SLOBOZIA","robots":{"index":"index","follow":"follow","max-snippet":"max-snippet:-1","max-image-preview":"max-image-preview:large","max-video-preview":"max-video-preview:-1"},"canonical":"https:\/\/depslobozia.ro\/index.php\/r-o-f\/","og_locale":"ro_RO","og_type":"article","og_title":"R.O.F. - SERVICIUL PUBLIC COMUNITAR LOCAL DE EVIDEN\u0162A A PERSOANELOR SLOBOZIA","og_description":"Hot\u0103r\u00e2re privind aprobarea Regulamentului de organizare \u0219i func\u021bionare al Serviciului Public Local de Eviden\u021b\u0103 a Persoanelor Slobozia.","og_url":"https:\/\/depslobozia.ro\/index.php\/r-o-f\/","og_site_name":"SERVICIUL PUBLIC COMUNITAR LOCAL DE EVIDEN\u0162A A PERSOANELOR SLOBOZIA","article_modified_time":"2025-03-18T15:26:04+00:00","twitter_card":"summary_large_image","twitter_misc":{"Timp estimat pentru citire":"1 minut"},"schema":{"@context":"https:\/\/schema.org","@graph":[{"@type":"WebPage","@id":"https:\/\/depslobozia.ro\/index.php\/r-o-f\/","url":"https:\/\/depslobozia.ro\/index.php\/r-o-f\/","name":"R.O.F. - SERVICIUL PUBLIC COMUNITAR LOCAL DE EVIDEN\u0162A A PERSOANELOR SLOBOZIA","isPartOf":{"@id":"https:\/\/depslobozia.ro\/#website"},"datePublished":"2023-02-10T10:14:10+00:00","dateModified":"2025-03-18T15:26:04+00:00","breadcrumb":{"@id":"https:\/\/depslobozia.ro\/index.php\/r-o-f\/#breadcrumb"},"inLanguage":"ro-RO","potentialAction":[{"@type":"ReadAction","target":["https:\/\/depslobozia.ro\/index.php\/r-o-f\/"]}]},{"@type":"BreadcrumbList","@id":"https:\/\/depslobozia.ro\/index.php\/r-o-f\/#breadcrumb","itemListElement":[{"@type":"ListItem","position":1,"name":"Prima pagin\u0103","item":"https:\/\/depslobozia.ro\/"},{"@type":"ListItem","position":2,"name":"R.O.F."}]},{"@type":"WebSite","@id":"https:\/\/depslobozia.ro\/#website","url":"https:\/\/depslobozia.ro\/","name":"DIREC\u0162IA DE EVIDEN\u0162A PERSOANELOR SLOBOZIA","description":"Municipiul SLOBOZIA","publisher":{"@id":"https:\/\/depslobozia.ro\/#organization"},"potentialAction":[{"@type":"SearchAction","target":{"@type":"EntryPoint","urlTemplate":"https:\/\/depslobozia.ro\/?s={search_term_string}"},"query-input":{"@type":"PropertyValueSpecification","valueRequired":true,"valueName":"search_term_string"}}],"inLanguage":"ro-RO"},{"@type":"Organization","@id":"https:\/\/depslobozia.ro\/#organization","name":"Directia de Evidenta Persoanelor Slobozia","url":"https:\/\/depslobozia.ro\/","logo":{"@type":"ImageObject","inLanguage":"ro-RO","@id":"https:\/\/depslobozia.ro\/#\/schema\/logo\/image\/","url":"https:\/\/depslobozia.ro\/wp-content\/uploads\/2021\/10\/StemSlobozia.png","contentUrl":"https:\/\/depslobozia.ro\/wp-content\/uploads\/2021\/10\/StemSlobozia.png","width":68,"height":90,"caption":"Directia de Evidenta Persoanelor Slobozia"},"image":{"@id":"https:\/\/depslobozia.ro\/#\/schema\/logo\/image\/"}}]}},"_links":{"self":[{"href":"https:\/\/depslobozia.ro\/index.php\/wp-json\/wp\/v2\/pages\/1870","targetHints":{"allow":["GET"]}}],"collection":[{"href":"https:\/\/depslobozia.ro\/index.php\/wp-json\/wp\/v2\/pages"}],"about":[{"href":"https:\/\/depslobozia.ro\/index.php\/wp-json\/wp\/v2\/types\/page"}],"author":[{"embeddable":true,"href":"https:\/\/depslobozia.ro\/index.php\/wp-json\/wp\/v2\/users\/1"}],"replies":[{"embeddable":true,"href":"https:\/\/depslobozia.ro\/index.php\/wp-json\/wp\/v2\/comments?post=1870"}],"version-history":[{"count":5,"href":"https:\/\/depslobozia.ro\/index.php\/wp-json\/wp\/v2\/pages\/1870\/revisions"}],"predecessor-version":[{"id":2045,"href":"https:\/\/depslobozia.ro\/index.php\/wp-json\/wp\/v2\/pages\/1870\/revisions\/2045"}],"wp:attachment":[{"href":"https:\/\/depslobozia.ro\/index.php\/wp-json\/wp\/v2\/media?parent=1870"}],"curies":[{"name":"wp","href":"https:\/\/api.w.org\/{rel}","templated":true}]}}