{"id":851,"date":"2021-09-06T11:16:20","date_gmt":"2021-09-06T11:16:20","guid":{"rendered":"http:\/\/evp-slobozia.wsc.ro\/?page_id=851"},"modified":"2023-01-19T14:52:48","modified_gmt":"2023-01-19T14:52:48","slug":"evidenta-persoanei","status":"publish","type":"page","link":"https:\/\/depslobozia.ro\/index.php\/evidenta-persoanei\/","title":{"rendered":"Eviden\u021ba persoanei"},"content":{"rendered":"\n<div class=\"wp-block-media-text alignwide has-media-on-the-right is-stacked-on-mobile\" style=\"grid-template-columns:auto 35%\"><div class=\"wp-block-media-text__content\">\n<p class=\"has-text-align-center\" style=\"font-size:26px\"><strong>PROGRAM DE LUCRU<\/strong> <\/p>\n\n\n\n<div class=\"wp-block-columns is-layout-flex wp-container-core-columns-is-layout-9d6595d7 wp-block-columns-is-layout-flex\">\n<div class=\"wp-block-column is-layout-flow wp-block-column-is-layout-flow\">\n<p style=\"font-size:22px\"><strong>LUNI &#8211; MIERCURI <\/strong><\/p>\n<\/div>\n\n\n\n<div class=\"wp-block-column is-layout-flow wp-block-column-is-layout-flow\">\n<p style=\"font-size:22px\"><strong> 08<sup>00<\/sup> &#8211; 16<sup>30<\/sup> <\/strong><\/p>\n<\/div>\n<\/div>\n\n\n\n<div class=\"wp-block-columns is-layout-flex wp-container-core-columns-is-layout-9d6595d7 wp-block-columns-is-layout-flex\">\n<div class=\"wp-block-column is-layout-flow wp-block-column-is-layout-flow\">\n<p style=\"font-size:22px\"><strong>JOI<\/strong><\/p>\n<\/div>\n\n\n\n<div class=\"wp-block-column is-layout-flow wp-block-column-is-layout-flow\">\n<p style=\"font-size:22px\"><strong> 08<sup>00<\/sup> &#8211; 18<sup>30<\/sup> <\/strong><\/p>\n<\/div>\n<\/div>\n\n\n\n<div class=\"wp-block-columns is-layout-flex wp-container-core-columns-is-layout-9d6595d7 wp-block-columns-is-layout-flex\">\n<div class=\"wp-block-column is-layout-flow wp-block-column-is-layout-flow\">\n<p style=\"font-size:22px\"> <strong>VINERI <\/strong><\/p>\n<\/div>\n\n\n\n<div class=\"wp-block-column is-layout-flow wp-block-column-is-layout-flow\">\n<p style=\"font-size:22px\"><strong> 08<sup>00<\/sup> &#8211; 14<sup>00<\/sup> <\/strong><\/p>\n<\/div>\n<\/div>\n\n\n\n<p class=\"has-vivid-red-color has-text-color has-medium-font-size\"><strong>D.E.P. SLOBOZIA \u00ce\u0218I REZERV\u0102 DREPTUL DE A MODIFICA PROGRAMUL \u00ceN FUNC\u021aIE DE CONDI\u021aIILE \u0218I RESURSELE MATERIALE, TEHNICE \u0218I UMANE AVUTE LA DISPOZI\u021aIE.<\/strong><\/p>\n\n\n\n<p><strong>Conform prevederilor legale, Prim\u0103ria Slobozia a stabilit ca \u00een anul 2023 zilele de 23 ianuarie, 2 iunie \u0219i 14 august sunt declarate zile libere care vor fi recuperate cu prelungirea programului de lucru cu 30 minute astfel:<\/strong><\/p>\n\n\n\n<p>ziua de 23 ianuarie va fi recuperat\u0103 \u00een perioada 25 ianuarie &#8211; 15 februarie,<\/p>\n\n\n\n<p>ziua de 2 iunie va fi recuperat\u0103 \u00een perioada 5 &#8211; 16 iunie,<\/p>\n\n\n\n<p>ziua de 14 august va fi recuperat\u0103 \u00een perioada 16 august &#8211; 5 septembrie.<\/p>\n\n\n\n<p class=\"has-text-align-center has-normal-font-size\"><strong>Tel: 0243-233790,  0243-233791, Fax: 0243-233790<\/strong><\/p>\n<\/div><figure class=\"wp-block-media-text__media\"><img loading=\"lazy\" decoding=\"async\" width=\"1024\" height=\"768\" src=\"https:\/\/depslobozia.ro\/wp-content\/uploads\/2021\/09\/IMG-20210903-WA0009.jpg\" alt=\"\" class=\"wp-image-814 size-full\" srcset=\"https:\/\/depslobozia.ro\/wp-content\/uploads\/2021\/09\/IMG-20210903-WA0009.jpg 1024w, https:\/\/depslobozia.ro\/wp-content\/uploads\/2021\/09\/IMG-20210903-WA0009-300x225.jpg 300w, https:\/\/depslobozia.ro\/wp-content\/uploads\/2021\/09\/IMG-20210903-WA0009-768x576.jpg 768w\" sizes=\"auto, (max-width: 1024px) 100vw, 1024px\" \/><\/figure><\/div>\n\n\n\n<p><\/p>\n\n\n\n<figure class=\"wp-block-table is-style-stripes\"><table class=\"has-fixed-layout\"><tbody><tr><td class=\"has-text-align-center\" data-align=\"center\"><strong>\u00ceN ZILELE DE S\u0102RB\u0102TORI NA\u021aIONALE SAU<br>ZILELE LIBERE ACORDATE PRIN HOT\u0102R\u00c2RI <br>GUVERNAMENTALE, NU SE LUCREAZ\u0102, <br>CONFORM LEGISLA\u021aIEI \u00ceN VIGOARE<\/strong><\/td><td class=\"has-text-align-center\" data-align=\"center\"><strong>GHI\u0218EU ELIBER\u0102RI <br>ACTE DE IDENTITATE<\/strong><\/td><td class=\"has-text-align-center\" data-align=\"center\"><strong>GHI\u0218EU PRIMIRI CERERI<br>ACTE  <strong>DE IDENTITATE<\/strong> <\/strong><\/td><\/tr><tr><td class=\"has-text-align-center\" data-align=\"center\"><strong>LUNI<\/strong><\/td><td class=\"has-text-align-center\" data-align=\"center\"> <strong>08<sup>00<\/sup> &#8211; 16<sup>30<\/sup><\/strong> <\/td><td class=\"has-text-align-center\" data-align=\"center\"><strong> <strong>08<sup>00<\/sup> &#8211; 12<sup>00<\/sup><\/strong> &#8211; \u00ceNCHIS &#8211; <strong><strong>14<sup>00<\/sup> &#8211; 16<sup>00<\/sup><\/strong><\/strong> <\/strong><\/td><\/tr><tr><td class=\"has-text-align-center\" data-align=\"center\"><strong>MAR\u021aI<\/strong><\/td><td class=\"has-text-align-center\" data-align=\"center\"> <strong>08<sup>00<\/sup> &#8211; 16<sup>30<\/sup><\/strong> <\/td><td class=\"has-text-align-center\" data-align=\"center\"><strong> <strong>08<sup>00<\/sup> &#8211; 12<sup>00<\/sup><\/strong> &#8211; \u00ceNCHIS &#8211; <strong><strong>14<sup>00<\/sup> &#8211; 16<sup>00<\/sup><\/strong><\/strong> <\/strong><\/td><\/tr><tr><td class=\"has-text-align-center\" data-align=\"center\"><strong>MIERCURI<\/strong><\/td><td class=\"has-text-align-center\" data-align=\"center\"> <strong>08<sup>00<\/sup> &#8211; 16<sup>30<\/sup><\/strong> <\/td><td class=\"has-text-align-center\" data-align=\"center\"> <strong> <strong>08<sup>00<\/sup> &#8211; 12<sup>00<\/sup><\/strong> &#8211; \u00ceNCHIS &#8211; <strong><strong>14<sup>00<\/sup> &#8211; 16<sup>00<\/sup><\/strong><\/strong> <\/strong> <\/td><\/tr><tr><td class=\"has-text-align-center\" data-align=\"center\"><strong>JOI<\/strong><\/td><td class=\"has-text-align-center\" data-align=\"center\"> <strong>08<sup>00<\/sup> &#8211; 18<sup>30<\/sup><\/strong> <\/td><td class=\"has-text-align-center\" data-align=\"center\"> <strong> <strong>08<sup>00<\/sup> &#8211; 12<sup>00<\/sup><\/strong> &#8211; \u00ceNCHIS &#8211; <strong><strong>14<sup>00<\/sup> &#8211; 16<sup>00<\/sup><\/strong><\/strong> <\/strong> <\/td><\/tr><tr><td class=\"has-text-align-center\" data-align=\"center\"><strong>VINERI<\/strong><\/td><td class=\"has-text-align-center\" data-align=\"center\"> <strong>08<sup>00<\/sup> &#8211; 14<sup>00<\/sup><\/strong> <\/td><td class=\"has-text-align-center\" data-align=\"center\"><strong><strong><strong>08<sup>00<\/sup> &#8211; 12<sup>00<\/sup><\/strong>             &#8211;             \u00ceNCHIS<\/strong><\/strong><\/td><\/tr><\/tbody><\/table><\/figure>\n\n\n\n<p class=\"has-text-color has-medium-font-size\" style=\"color:#324b80\">Pute\u021bi ob\u021bine online formulare pentru eviden\u021ba persoanei desc\u0103rc\u00e2ndu-le de la <a href=\"https:\/\/depslobozia.ro\/index.php\/2021\/09\/01\/formulare-pentru-evidenta-persoanelor\/\">Formulare Eviden\u021ba Persoanelor<\/a>.<\/p>\n","protected":false},"excerpt":{"rendered":"<p>\u00ceN ZILELE DE S\u0102RB\u0102TORI NA\u021aIONALE SAUZILELE LIBERE ACORDATE PRIN HOT\u0102R\u00c2RI GUVERNAMENTALE, NU SE LUCREAZ\u0102, CONFORM LEGISLA\u021aIEI \u00ceN VIGOARE GHI\u0218EU ELIBER\u0102RI ACTE DE IDENTITATE GHI\u0218EU PRIMIRI CERERIACTE DE IDENTITATE LUNI 0800 &#8211; 1630 0800 &#8211; 1200 &#8211; \u00ceNCHIS &#8211; 1400 &#8211; 1600 MAR\u021aI 0800 &#8211; 1630 0800 &#8211; 1200 &#8211; \u00ceNCHIS &#8211; 1400 &#8211; 1600 MIERCURI &hellip;<br \/><a href=\"https:\/\/depslobozia.ro\/index.php\/evidenta-persoanei\/\" class=\"more-link pen_button pen_element_default pen_icon_arrow_double\">Cite\u0219te mai mult<\/a><\/p>\n","protected":false},"author":1,"featured_media":0,"parent":0,"menu_order":0,"comment_status":"closed","ping_status":"closed","template":"","meta":{"footnotes":""},"class_list":["post-851","page","type-page","status-publish","hentry"],"yoast_head":"<!-- This site is optimized with the Yoast SEO plugin v27.3 - https:\/\/yoast.com\/product\/yoast-seo-wordpress\/ -->\r\n<title>Evidenta persoanei<\/title>\r\n<meta name=\"description\" content=\"Directia de Evidenta a Persoanelor Slobozia elibereaza si tine evidenta, actelor, certificatelor de stare civil\u0103\" \/>\r\n<meta name=\"robots\" content=\"index, follow, max-snippet:-1, max-image-preview:large, max-video-preview:-1\" \/>\r\n<link rel=\"canonical\" href=\"https:\/\/depslobozia.ro\/index.php\/evidenta-persoanei\/\" \/>\r\n<meta property=\"og:locale\" content=\"ro_RO\" \/>\r\n<meta property=\"og:type\" content=\"article\" \/>\r\n<meta property=\"og:title\" content=\"Evidenta persoanei\" \/>\r\n<meta property=\"og:description\" content=\"Directia de Evidenta a Persoanelor Slobozia elibereaza si tine evidenta, actelor, certificatelor de stare civil\u0103\" \/>\r\n<meta property=\"og:url\" content=\"https:\/\/depslobozia.ro\/index.php\/evidenta-persoanei\/\" \/>\r\n<meta property=\"og:site_name\" content=\"SERVICIUL PUBLIC COMUNITAR LOCAL DE EVIDEN\u0162A A PERSOANELOR SLOBOZIA\" \/>\r\n<meta property=\"article:modified_time\" content=\"2023-01-19T14:52:48+00:00\" \/>\r\n<meta property=\"og:image\" content=\"http:\/\/depslobozia.ro\/wp-content\/uploads\/2021\/09\/IMG-20210903-WA0009.jpg\" \/>\r\n<meta name=\"twitter:card\" content=\"summary_large_image\" \/>\r\n<meta name=\"twitter:label1\" content=\"Timp estimat pentru citire\" \/>\n\t<meta name=\"twitter:data1\" content=\"2 minute\" \/>\r\n<script type=\"application\/ld+json\" class=\"yoast-schema-graph\">{\"@context\":\"https:\\\/\\\/schema.org\",\"@graph\":[{\"@type\":\"WebPage\",\"@id\":\"https:\\\/\\\/depslobozia.ro\\\/index.php\\\/evidenta-persoanei\\\/\",\"url\":\"https:\\\/\\\/depslobozia.ro\\\/index.php\\\/evidenta-persoanei\\\/\",\"name\":\"Evidenta persoanei\",\"isPartOf\":{\"@id\":\"https:\\\/\\\/depslobozia.ro\\\/#website\"},\"primaryImageOfPage\":{\"@id\":\"https:\\\/\\\/depslobozia.ro\\\/index.php\\\/evidenta-persoanei\\\/#primaryimage\"},\"image\":{\"@id\":\"https:\\\/\\\/depslobozia.ro\\\/index.php\\\/evidenta-persoanei\\\/#primaryimage\"},\"thumbnailUrl\":\"http:\\\/\\\/depslobozia.ro\\\/wp-content\\\/uploads\\\/2021\\\/09\\\/IMG-20210903-WA0009.jpg\",\"datePublished\":\"2021-09-06T11:16:20+00:00\",\"dateModified\":\"2023-01-19T14:52:48+00:00\",\"description\":\"Directia de Evidenta a Persoanelor Slobozia elibereaza si tine evidenta, actelor, certificatelor de stare civil\u0103\",\"breadcrumb\":{\"@id\":\"https:\\\/\\\/depslobozia.ro\\\/index.php\\\/evidenta-persoanei\\\/#breadcrumb\"},\"inLanguage\":\"ro-RO\",\"potentialAction\":[{\"@type\":\"ReadAction\",\"target\":[\"https:\\\/\\\/depslobozia.ro\\\/index.php\\\/evidenta-persoanei\\\/\"]}]},{\"@type\":\"ImageObject\",\"inLanguage\":\"ro-RO\",\"@id\":\"https:\\\/\\\/depslobozia.ro\\\/index.php\\\/evidenta-persoanei\\\/#primaryimage\",\"url\":\"http:\\\/\\\/depslobozia.ro\\\/wp-content\\\/uploads\\\/2021\\\/09\\\/IMG-20210903-WA0009.jpg\",\"contentUrl\":\"http:\\\/\\\/depslobozia.ro\\\/wp-content\\\/uploads\\\/2021\\\/09\\\/IMG-20210903-WA0009.jpg\"},{\"@type\":\"BreadcrumbList\",\"@id\":\"https:\\\/\\\/depslobozia.ro\\\/index.php\\\/evidenta-persoanei\\\/#breadcrumb\",\"itemListElement\":[{\"@type\":\"ListItem\",\"position\":1,\"name\":\"Prima pagin\u0103\",\"item\":\"https:\\\/\\\/depslobozia.ro\\\/\"},{\"@type\":\"ListItem\",\"position\":2,\"name\":\"Eviden\u021ba persoanei\"}]},{\"@type\":\"WebSite\",\"@id\":\"https:\\\/\\\/depslobozia.ro\\\/#website\",\"url\":\"https:\\\/\\\/depslobozia.ro\\\/\",\"name\":\"DIREC\u0162IA DE EVIDEN\u0162A PERSOANELOR SLOBOZIA\",\"description\":\"Municipiul SLOBOZIA\",\"publisher\":{\"@id\":\"https:\\\/\\\/depslobozia.ro\\\/#organization\"},\"potentialAction\":[{\"@type\":\"SearchAction\",\"target\":{\"@type\":\"EntryPoint\",\"urlTemplate\":\"https:\\\/\\\/depslobozia.ro\\\/?s={search_term_string}\"},\"query-input\":{\"@type\":\"PropertyValueSpecification\",\"valueRequired\":true,\"valueName\":\"search_term_string\"}}],\"inLanguage\":\"ro-RO\"},{\"@type\":\"Organization\",\"@id\":\"https:\\\/\\\/depslobozia.ro\\\/#organization\",\"name\":\"Directia de Evidenta Persoanelor Slobozia\",\"url\":\"https:\\\/\\\/depslobozia.ro\\\/\",\"logo\":{\"@type\":\"ImageObject\",\"inLanguage\":\"ro-RO\",\"@id\":\"https:\\\/\\\/depslobozia.ro\\\/#\\\/schema\\\/logo\\\/image\\\/\",\"url\":\"https:\\\/\\\/depslobozia.ro\\\/wp-content\\\/uploads\\\/2021\\\/10\\\/StemSlobozia.png\",\"contentUrl\":\"https:\\\/\\\/depslobozia.ro\\\/wp-content\\\/uploads\\\/2021\\\/10\\\/StemSlobozia.png\",\"width\":68,\"height\":90,\"caption\":\"Directia de Evidenta Persoanelor Slobozia\"},\"image\":{\"@id\":\"https:\\\/\\\/depslobozia.ro\\\/#\\\/schema\\\/logo\\\/image\\\/\"}}]}<\/script>\r\n<!-- \/ Yoast SEO plugin. -->","yoast_head_json":{"title":"Evidenta persoanei","description":"Directia de Evidenta a Persoanelor Slobozia elibereaza si tine evidenta, actelor, certificatelor de stare civil\u0103","robots":{"index":"index","follow":"follow","max-snippet":"max-snippet:-1","max-image-preview":"max-image-preview:large","max-video-preview":"max-video-preview:-1"},"canonical":"https:\/\/depslobozia.ro\/index.php\/evidenta-persoanei\/","og_locale":"ro_RO","og_type":"article","og_title":"Evidenta persoanei","og_description":"Directia de Evidenta a Persoanelor Slobozia elibereaza si tine evidenta, actelor, certificatelor de stare civil\u0103","og_url":"https:\/\/depslobozia.ro\/index.php\/evidenta-persoanei\/","og_site_name":"SERVICIUL PUBLIC COMUNITAR LOCAL DE EVIDEN\u0162A A PERSOANELOR SLOBOZIA","article_modified_time":"2023-01-19T14:52:48+00:00","og_image":[{"url":"http:\/\/depslobozia.ro\/wp-content\/uploads\/2021\/09\/IMG-20210903-WA0009.jpg","type":"","width":"","height":""}],"twitter_card":"summary_large_image","twitter_misc":{"Timp estimat pentru citire":"2 minute"},"schema":{"@context":"https:\/\/schema.org","@graph":[{"@type":"WebPage","@id":"https:\/\/depslobozia.ro\/index.php\/evidenta-persoanei\/","url":"https:\/\/depslobozia.ro\/index.php\/evidenta-persoanei\/","name":"Evidenta persoanei","isPartOf":{"@id":"https:\/\/depslobozia.ro\/#website"},"primaryImageOfPage":{"@id":"https:\/\/depslobozia.ro\/index.php\/evidenta-persoanei\/#primaryimage"},"image":{"@id":"https:\/\/depslobozia.ro\/index.php\/evidenta-persoanei\/#primaryimage"},"thumbnailUrl":"http:\/\/depslobozia.ro\/wp-content\/uploads\/2021\/09\/IMG-20210903-WA0009.jpg","datePublished":"2021-09-06T11:16:20+00:00","dateModified":"2023-01-19T14:52:48+00:00","description":"Directia de Evidenta a Persoanelor Slobozia elibereaza si tine evidenta, actelor, certificatelor de stare civil\u0103","breadcrumb":{"@id":"https:\/\/depslobozia.ro\/index.php\/evidenta-persoanei\/#breadcrumb"},"inLanguage":"ro-RO","potentialAction":[{"@type":"ReadAction","target":["https:\/\/depslobozia.ro\/index.php\/evidenta-persoanei\/"]}]},{"@type":"ImageObject","inLanguage":"ro-RO","@id":"https:\/\/depslobozia.ro\/index.php\/evidenta-persoanei\/#primaryimage","url":"http:\/\/depslobozia.ro\/wp-content\/uploads\/2021\/09\/IMG-20210903-WA0009.jpg","contentUrl":"http:\/\/depslobozia.ro\/wp-content\/uploads\/2021\/09\/IMG-20210903-WA0009.jpg"},{"@type":"BreadcrumbList","@id":"https:\/\/depslobozia.ro\/index.php\/evidenta-persoanei\/#breadcrumb","itemListElement":[{"@type":"ListItem","position":1,"name":"Prima pagin\u0103","item":"https:\/\/depslobozia.ro\/"},{"@type":"ListItem","position":2,"name":"Eviden\u021ba persoanei"}]},{"@type":"WebSite","@id":"https:\/\/depslobozia.ro\/#website","url":"https:\/\/depslobozia.ro\/","name":"DIREC\u0162IA DE EVIDEN\u0162A PERSOANELOR SLOBOZIA","description":"Municipiul SLOBOZIA","publisher":{"@id":"https:\/\/depslobozia.ro\/#organization"},"potentialAction":[{"@type":"SearchAction","target":{"@type":"EntryPoint","urlTemplate":"https:\/\/depslobozia.ro\/?s={search_term_string}"},"query-input":{"@type":"PropertyValueSpecification","valueRequired":true,"valueName":"search_term_string"}}],"inLanguage":"ro-RO"},{"@type":"Organization","@id":"https:\/\/depslobozia.ro\/#organization","name":"Directia de Evidenta Persoanelor Slobozia","url":"https:\/\/depslobozia.ro\/","logo":{"@type":"ImageObject","inLanguage":"ro-RO","@id":"https:\/\/depslobozia.ro\/#\/schema\/logo\/image\/","url":"https:\/\/depslobozia.ro\/wp-content\/uploads\/2021\/10\/StemSlobozia.png","contentUrl":"https:\/\/depslobozia.ro\/wp-content\/uploads\/2021\/10\/StemSlobozia.png","width":68,"height":90,"caption":"Directia de Evidenta Persoanelor Slobozia"},"image":{"@id":"https:\/\/depslobozia.ro\/#\/schema\/logo\/image\/"}}]}},"_links":{"self":[{"href":"https:\/\/depslobozia.ro\/index.php\/wp-json\/wp\/v2\/pages\/851","targetHints":{"allow":["GET"]}}],"collection":[{"href":"https:\/\/depslobozia.ro\/index.php\/wp-json\/wp\/v2\/pages"}],"about":[{"href":"https:\/\/depslobozia.ro\/index.php\/wp-json\/wp\/v2\/types\/page"}],"author":[{"embeddable":true,"href":"https:\/\/depslobozia.ro\/index.php\/wp-json\/wp\/v2\/users\/1"}],"replies":[{"embeddable":true,"href":"https:\/\/depslobozia.ro\/index.php\/wp-json\/wp\/v2\/comments?post=851"}],"version-history":[{"count":4,"href":"https:\/\/depslobozia.ro\/index.php\/wp-json\/wp\/v2\/pages\/851\/revisions"}],"predecessor-version":[{"id":1833,"href":"https:\/\/depslobozia.ro\/index.php\/wp-json\/wp\/v2\/pages\/851\/revisions\/1833"}],"wp:attachment":[{"href":"https:\/\/depslobozia.ro\/index.php\/wp-json\/wp\/v2\/media?parent=851"}],"curies":[{"name":"wp","href":"https:\/\/api.w.org\/{rel}","templated":true}]}}